{"id":1984,"date":"2018-10-22T18:52:17","date_gmt":"2018-10-22T16:52:17","guid":{"rendered":"http:\/\/mayohirc.com\/?page_id=1984"},"modified":"2019-01-06T00:05:51","modified_gmt":"2019-01-05T23:05:51","slug":"divoky_zapadakov","status":"publish","type":"page","link":"https:\/\/mayohirc.com\/sk\/divoky_zapadakov\/","title":{"rendered":"#DIVOK\u00dd ZAPAD\u00c1KOV"},"content":{"rendered":"<p><\/p>\n<div class=\"text_block\">\n<p><!-- Lava cast textu --><\/p>\n<div class=\"left-side\">\n<p><!-- hl nadpis --><\/p>\n<p class=\"big_title\">DIVOK\u00dd ZAPAD\u00c1KOV<\/p>\n<p><!-- podnadpis --><\/p>\n<p class=\"subtitle\">Kom\u00e9dia \/ Western \/ TV Series<br \/>\nSlovakia, 2017, 5 x 50 min.<\/p>\n<p><a href=\"http:\/\/divokyzapadakov.markiza.sk\/\" target=\"_blank\" rel=\"noopener\">MARKIZA.sk<\/a><br \/>\n<a href=\"https:\/\/www.csfd.cz\/film\/480253-divoky-zapadakov\/prehled\/\" target=\"_blank\" rel=\"noopener\">CSFD.cz review<\/a><\/p>\n<\/div>\n<p><!-- Prava cast textu --><\/p>\n<div class=\"right-side\">\n<p><strong>R\u00e9\u017eia:<\/strong> <a href=\"https:\/\/www.csfd.cz\/tvurce\/95713-zuzana-mariankova\/\" target=\"_blank\" rel=\"noopener\">Zuzana Mariankov\u00e1<\/a><br \/>\n<strong>Scen\u00e1r:<\/strong> <a href=\"https:\/\/www.csfd.cz\/tvurce\/95713-zuzana-mariankova\/\" target=\"_blank\" rel=\"noopener\">Zuzana Mariankov\u00e1<\/a>, <a href=\"https:\/\/www.csfd.cz\/tvurce\/272573-lukas-obermajer\/\" target=\"_blank\" rel=\"noopener\">Luk\u00e1\u0161 Obermajer<\/a><br \/>\n<strong>Kamera:<\/strong> <a href=\"https:\/\/www.csfd.cz\/tvurce\/93395-peter-bencsik\/\" target=\"_blank\" rel=\"noopener\">Peter Bencs\u00edk<\/a><br \/>\n<strong>Hudba:<\/strong> <a href=\"https:\/\/www.csfd.cz\/tvurce\/68203-marian-curko\/\" target=\"_blank\" rel=\"noopener\">Mari\u00e1n \u010curko<\/a><br \/>\n<strong>Obsadenie:<\/strong> <a href=\"https:\/\/www.csfd.cz\/tvurce\/30066-tomas-mastalir\/\" target=\"_blank\" rel=\"noopener\">Tom\u00e1\u0161 Ma\u0161tal\u00edr<\/a>, <a href=\"https:\/\/www.csfd.cz\/tvurce\/58405-dominika-kavaschova\/\" target=\"_blank\" rel=\"noopener\">Dominika Kavaschov\u00e1<\/a>, <a href=\"https:\/\/www.csfd.cz\/tvurce\/69240-adam-jancina\/\" target=\"_blank\" rel=\"noopener\">Adam Jan\u010dina<\/a>, <a href=\"https:\/\/www.csfd.cz\/tvurce\/1747-roman-pomajbo\/\" target=\"_blank\" rel=\"noopener\">Roman Pomajbo<\/a>, <a href=\"https:\/\/www.csfd.cz\/tvurce\/157655-tomas-mischura\/\" target=\"_blank\" rel=\"noopener\">Tom\u00e1\u0161 Mischura<\/a>, <a href=\"https:\/\/www.csfd.cz\/tvurce\/163799-barbora-andresicova\/\" target=\"_blank\" rel=\"noopener\">Barbora Andre\u0161icov\u00e1<\/a>, <a href=\"https:\/\/www.csfd.cz\/tvurce\/62270-michal-kubovcik\/\" target=\"_blank\" rel=\"noopener\">Michal Kubov\u010d\u00edk<\/a>, <a href=\"https:\/\/www.csfd.cz\/tvurce\/63138-gregor-holoska\/\" target=\"_blank\" rel=\"noopener\">Gregor Holo\u0161ka<\/a>, <a href=\"https:\/\/www.csfd.cz\/tvurce\/1765-jozef-vajda\/\" target=\"_blank\" rel=\"noopener\">Jozef Vajda, <\/a><a href=\"https:\/\/www.csfd.cz\/tvurce\/300200-michal-noga\/\" target=\"_blank\" rel=\"noopener\">Michal Noga<\/a><a href=\"https:\/\/www.csfd.cz\/tvurce\/1765-jozef-vajda\/\" target=\"_blank\" rel=\"noopener\">, <\/a><a href=\"https:\/\/www.csfd.cz\/tvurce\/88056-daniel-fischer\/\" target=\"_blank\" rel=\"noopener\">Daniel Fischer, <\/a><a href=\"https:\/\/www.csfd.cz\/tvurce\/81614-peter-kadlecik\/\" target=\"_blank\" rel=\"noopener\">Peter Kadle\u010d\u00edk<\/a><a href=\"https:\/\/www.csfd.cz\/tvurce\/88056-daniel-fischer\/\" target=\"_blank\" rel=\"noopener\">, <\/a><a href=\"https:\/\/www.csfd.cz\/tvurce\/62267-michal-janos\/\" target=\"_blank\" rel=\"noopener\">Michal J\u00e1no\u0161<\/a><a href=\"https:\/\/www.csfd.cz\/tvurce\/88056-daniel-fischer\/\" target=\"_blank\" rel=\"noopener\">, <\/a><a href=\"https:\/\/www.csfd.cz\/tvurce\/150479-lukas-doza\/\" target=\"_blank\" rel=\"noopener\">Luk\u00e1\u0161 D\u00f3za<\/a><a href=\"https:\/\/www.csfd.cz\/tvurce\/88056-daniel-fischer\/\" target=\"_blank\" rel=\"noopener\">, <\/a><a href=\"https:\/\/www.csfd.cz\/tvurce\/293140-samuel-kennedy\/\" target=\"_blank\" rel=\"noopener\">Samuel Kennedy<\/a><a href=\"https:\/\/www.csfd.cz\/tvurce\/88056-daniel-fischer\/\" target=\"_blank\" rel=\"noopener\">, <\/a><a href=\"https:\/\/www.csfd.cz\/tvurce\/81614-peter-kadlecik\/\" target=\"_blank\" rel=\"noopener\">Peter Kadle\u010d\u00edk<\/a><a href=\"https:\/\/www.csfd.cz\/tvurce\/88056-daniel-fischer\/\" target=\"_blank\" rel=\"noopener\">, <\/a><a href=\"https:\/\/www.csfd.cz\/tvurce\/62267-michal-janos\/\" target=\"_blank\" rel=\"noopener\">Michal J\u00e1no\u0161<\/a><a href=\"https:\/\/www.csfd.cz\/tvurce\/88056-daniel-fischer\/\" target=\"_blank\" rel=\"noopener\">, <\/a><a href=\"https:\/\/www.csfd.cz\/tvurce\/150479-lukas-doza\/\" target=\"_blank\" rel=\"noopener\">Luk\u00e1\u0161 D\u00f3za<\/a><a href=\"https:\/\/www.csfd.cz\/tvurce\/88056-daniel-fischer\/\" target=\"_blank\" rel=\"noopener\">, <\/a><a href=\"https:\/\/www.csfd.cz\/tvurce\/293140-samuel-kennedy\/\" target=\"_blank\" rel=\"noopener\">Samuel Kennedy, <\/a>a \u010fal\u0161\u00ed<a href=\"https:\/\/www.csfd.cz\/tvurce\/88056-daniel-fischer\/\" target=\"_blank\" rel=\"noopener\"><br \/>\n<\/a><strong>Produkcia:\u00a0<\/strong><a href=\"http:\/\/www.markiza.sk\/uvod\" target=\"_blank\" rel=\"noopener\">Mark\u00edza-Slovakia, s.r.o., <\/a><\/p>\n<\/div>\n<div style=\"clear: both; margin: 0px; padding: 0px;\"><\/div>\n<\/div>\n<div style=\"clear: both; margin: 0px; padding: 0px;\"><\/div>\n<p><style type=\"text\/css\" scoped>.rbs_gallery_69ea4906efe25Spinner{\r\n\t\t\t\tmargin: 50px auto;\r\n\t\t\t\twidth: 50px;\r\n\t\t\t\theight: 40px;\r\n\t\t\t\ttext-align: center;\r\n\t\t\t\tfont-size: 10px;\r\n\t\t\t}\r\n\t\t\t.rbs_gallery_69ea4906efe25Spinner > div{\r\n\t\t\t  background-color: #333;\r\n\t\t\t  height: 100%;\r\n\t\t\t  width: 6px;\r\n\t\t\t  display: inline-block;\r\n\t\t\t  -webkit-animation: rbs_gallery_69ea4906efe25-stretchdelay 1.2s infinite ease-in-out;\r\n\t\t\t  animation: rbs_gallery_69ea4906efe25-stretchdelay 1.2s infinite ease-in-out;\r\n\t\t\t}\r\n\t\t\t.rbs_gallery_69ea4906efe25Spinner .rbs_gallery_69ea4906efe25Rect2 {\r\n\t\t\t  -webkit-animation-delay: -1.1s;\r\n\t\t\t  animation-delay: -1.1s;\r\n\t\t\t}\r\n\t\t\t.rbs_gallery_69ea4906efe25Spinner .rbs_gallery_69ea4906efe25Rect3 {\r\n\t\t\t  -webkit-animation-delay: -1.0s;\r\n\t\t\t  animation-delay: -1.0s;\r\n\t\t\t}\r\n\t\t\t.rbs_gallery_69ea4906efe25Spinner .rbs_gallery_69ea4906efe25Rect4 {\r\n\t\t\t  -webkit-animation-delay: -0.9s;\r\n\t\t\t  animation-delay: -0.9s;\r\n\t\t\t}\r\n\t\t\t.rbs_gallery_69ea4906efe25Spinner .rbs_gallery_69ea4906efe25Rect5 {\r\n\t\t\t  -webkit-animation-delay: -0.8s;\r\n\t\t\t  animation-delay: -0.8s;\r\n\t\t\t}\r\n\t\t\t@-webkit-keyframes rbs_gallery_69ea4906efe25-stretchdelay {\r\n\t\t\t  0%, 40%, 100% { -webkit-transform: scaleY(0.4) }  \r\n\t\t\t  20% { -webkit-transform: scaleY(1.0) }\r\n\t\t\t}\r\n\t\t\t@keyframes rbs_gallery_69ea4906efe25-stretchdelay {\r\n\t\t\t  0%, 40%, 100% { \r\n\t\t\t    transform: scaleY(0.4);\r\n\t\t\t    -webkit-transform: scaleY(0.4);\r\n\t\t\t  }  20% { \r\n\t\t\t    transform: scaleY(1.0);\r\n\t\t\t    -webkit-transform: scaleY(1.0);\r\n\t\t\t  }\r\n\t\t\t}\r\n\t\t<\/style><div class=\"robo-gallery-wrap robo-gallery-wrap-id3420 robo-gallery-\" ><div id=\"rbs_gallery_69ea4906efe25-block-loader\" class=\"rbs_gallery_69ea4906efe25Spinner\"><div class=\"rbs_gallery_69ea4906efe25Rect1\"><\/div> <div class=\"rbs_gallery_69ea4906efe25Rect2\"><\/div> <div class=\"rbs_gallery_69ea4906efe25Rect3\"><\/div> <div class=\"rbs_gallery_69ea4906efe25Rect4\"><\/div> <div class=\"rbs_gallery_69ea4906efe25Rect5\"><\/div><\/div><div id=\"robo_gallery_main_block_rbs_gallery_69ea4906efe25\" class=\"robogallery-gallery-3420\" style=\"width:100%;  display: none;\"><div id=\"rbs_gallery_69ea4906efe25\" data-options=\"rbs_gallery_69ea4906efe25\" style=\"width:100%;\" class=\"robo_gallery  \"><div class=\"rbs-img  category3420 \" ><div class=\"rbs-img-image   rbs-lightbox \" ><div class=\"rbs-img-thumbs\"  data-thumbnail=\"https:\/\/mayohirc.com\/wp-content\/uploads\/2018\/11\/DIVOKY_ZAPADAKOV_0001-min.jpg\"  title=\"#DIVOK\u00dd ZAPAD\u00c1KOV \/ 001\"  data-width=\"3000\"  data-height=\"1688\" ><\/div><div class=\"rbs-img-data-popup\"  data-popup=\"https:\/\/mayohirc.com\/wp-content\/uploads\/2018\/11\/DIVOKY_ZAPADAKOV_0001-min.jpg\"  title=\"#DIVOK\u00dd ZAPAD\u00c1KOV \/ 001\" ><\/div><div class=\"thumbnail-overlay\"><div class=\"rbsTitle \">#DIVOK\u00dd ZAPAD\u00c1KOV \/ 001<\/div><\/div><\/div><\/div><div class=\"rbs-img  category3420 \" ><div class=\"rbs-img-image   rbs-lightbox \" ><div class=\"rbs-img-thumbs\"  data-thumbnail=\"https:\/\/mayohirc.com\/wp-content\/uploads\/2018\/11\/DIVOKY_ZAPADAKOV_0002-min.jpg\"  title=\"#DIVOK\u00dd ZAPAD\u00c1KOV \/ 002\"  data-width=\"3000\"  data-height=\"1688\" ><\/div><div class=\"rbs-img-data-popup\"  data-popup=\"https:\/\/mayohirc.com\/wp-content\/uploads\/2018\/11\/DIVOKY_ZAPADAKOV_0002-min.jpg\"  title=\"#DIVOK\u00dd ZAPAD\u00c1KOV \/ 002\" ><\/div><div class=\"thumbnail-overlay\"><div class=\"rbsTitle \">#DIVOK\u00dd ZAPAD\u00c1KOV \/ 002<\/div><\/div><\/div><\/div><div class=\"rbs-img  category3420 \" ><div class=\"rbs-img-image   rbs-lightbox \" ><div class=\"rbs-img-thumbs\"  data-thumbnail=\"https:\/\/mayohirc.com\/wp-content\/uploads\/2018\/11\/DIVOKY_ZAPADAKOV_0003-min.jpg\"  title=\"#DIVOK\u00dd ZAPAD\u00c1KOV \/ 003\"  data-width=\"3000\"  data-height=\"1688\" ><\/div><div class=\"rbs-img-data-popup\"  data-popup=\"https:\/\/mayohirc.com\/wp-content\/uploads\/2018\/11\/DIVOKY_ZAPADAKOV_0003-min.jpg\"  title=\"#DIVOK\u00dd ZAPAD\u00c1KOV \/ 003\" ><\/div><div class=\"thumbnail-overlay\"><div class=\"rbsTitle \">#DIVOK\u00dd ZAPAD\u00c1KOV \/ 003<\/div><\/div><\/div><\/div><div class=\"rbs-img  category3420 \" ><div class=\"rbs-img-image   rbs-lightbox \" ><div class=\"rbs-img-thumbs\"  data-thumbnail=\"https:\/\/mayohirc.com\/wp-content\/uploads\/2018\/11\/DIVOKY_ZAPADAKOV_0004-min.jpg\"  title=\"#DIVOK\u00dd ZAPAD\u00c1KOV \/ 004\"  data-width=\"3000\"  data-height=\"1688\" ><\/div><div class=\"rbs-img-data-popup\"  data-popup=\"https:\/\/mayohirc.com\/wp-content\/uploads\/2018\/11\/DIVOKY_ZAPADAKOV_0004-min.jpg\"  title=\"#DIVOK\u00dd ZAPAD\u00c1KOV \/ 004\" ><\/div><div class=\"thumbnail-overlay\"><div class=\"rbsTitle \">#DIVOK\u00dd ZAPAD\u00c1KOV \/ 004<\/div><\/div><\/div><\/div><div class=\"rbs-img  category3420 \" ><div class=\"rbs-img-image   rbs-lightbox \" ><div class=\"rbs-img-thumbs\"  data-thumbnail=\"https:\/\/mayohirc.com\/wp-content\/uploads\/2018\/11\/DIVOKY_ZAPADAKOV_0005-min.jpg\"  title=\"#DIVOK\u00dd ZAPAD\u00c1KOV \/ 005\"  data-width=\"3000\"  data-height=\"1688\" ><\/div><div class=\"rbs-img-data-popup\"  data-popup=\"https:\/\/mayohirc.com\/wp-content\/uploads\/2018\/11\/DIVOKY_ZAPADAKOV_0005-min.jpg\"  title=\"#DIVOK\u00dd ZAPAD\u00c1KOV \/ 005\" ><\/div><div class=\"thumbnail-overlay\"><div class=\"rbsTitle \">#DIVOK\u00dd ZAPAD\u00c1KOV \/ 005<\/div><\/div><\/div><\/div><div class=\"rbs-img  category3420 \" ><div class=\"rbs-img-image   rbs-lightbox \" ><div class=\"rbs-img-thumbs\"  data-thumbnail=\"https:\/\/mayohirc.com\/wp-content\/uploads\/2018\/11\/DIVOKY_ZAPADAKOV_0006-min.jpg\"  title=\"#DIVOK\u00dd ZAPAD\u00c1KOV \/ 006\"  data-width=\"3000\"  data-height=\"1688\" ><\/div><div class=\"rbs-img-data-popup\"  data-popup=\"https:\/\/mayohirc.com\/wp-content\/uploads\/2018\/11\/DIVOKY_ZAPADAKOV_0006-min.jpg\"  title=\"#DIVOK\u00dd ZAPAD\u00c1KOV \/ 006\" ><\/div><div class=\"thumbnail-overlay\"><div class=\"rbsTitle \">#DIVOK\u00dd ZAPAD\u00c1KOV \/ 006<\/div><\/div><\/div><\/div><div class=\"rbs-img  category3420 \" ><div class=\"rbs-img-image   rbs-lightbox \" ><div class=\"rbs-img-thumbs\"  data-thumbnail=\"https:\/\/mayohirc.com\/wp-content\/uploads\/2018\/11\/DIVOKY_ZAPADAKOV_0008-min.jpg\"  title=\"#DIVOK\u00dd ZAPAD\u00c1KOV \/ 007\"  data-width=\"3000\"  data-height=\"1688\" ><\/div><div class=\"rbs-img-data-popup\"  data-popup=\"https:\/\/mayohirc.com\/wp-content\/uploads\/2018\/11\/DIVOKY_ZAPADAKOV_0008-min.jpg\"  title=\"#DIVOK\u00dd ZAPAD\u00c1KOV \/ 007\" ><\/div><div class=\"thumbnail-overlay\"><div class=\"rbsTitle \">#DIVOK\u00dd ZAPAD\u00c1KOV \/ 007<\/div><\/div><\/div><\/div><div class=\"rbs-img  category3420 \" ><div class=\"rbs-img-image   rbs-lightbox \" ><div class=\"rbs-img-thumbs\"  data-thumbnail=\"https:\/\/mayohirc.com\/wp-content\/uploads\/2018\/11\/DIVOKY_ZAPADAKOV_0009-min.jpg\"  title=\"#DIVOK\u00dd ZAPAD\u00c1KOV \/ 008\"  data-width=\"3000\"  data-height=\"1688\" ><\/div><div class=\"rbs-img-data-popup\"  data-popup=\"https:\/\/mayohirc.com\/wp-content\/uploads\/2018\/11\/DIVOKY_ZAPADAKOV_0009-min.jpg\"  title=\"#DIVOK\u00dd ZAPAD\u00c1KOV \/ 008\" ><\/div><div class=\"thumbnail-overlay\"><div class=\"rbsTitle \">#DIVOK\u00dd ZAPAD\u00c1KOV \/ 008<\/div><\/div><\/div><\/div><div class=\"rbs-img  category3420 \" ><div class=\"rbs-img-image   rbs-lightbox \" ><div class=\"rbs-img-thumbs\"  data-thumbnail=\"https:\/\/mayohirc.com\/wp-content\/uploads\/2018\/11\/DIVOKY_ZAPADAKOV_0010-min.jpg\"  title=\"#DIVOK\u00dd ZAPAD\u00c1KOV \/ 009\"  data-width=\"3000\"  data-height=\"1688\" ><\/div><div class=\"rbs-img-data-popup\"  data-popup=\"https:\/\/mayohirc.com\/wp-content\/uploads\/2018\/11\/DIVOKY_ZAPADAKOV_0010-min.jpg\"  title=\"#DIVOK\u00dd ZAPAD\u00c1KOV \/ 009\" ><\/div><div class=\"thumbnail-overlay\"><div class=\"rbsTitle \">#DIVOK\u00dd ZAPAD\u00c1KOV \/ 009<\/div><\/div><\/div><\/div><div class=\"rbs-img  category3420 \" ><div class=\"rbs-img-image   rbs-lightbox \" ><div class=\"rbs-img-thumbs\"  data-thumbnail=\"https:\/\/mayohirc.com\/wp-content\/uploads\/2018\/11\/DIVOKY_ZAPADAKOV_0011-min.jpg\"  title=\"#DIVOK\u00dd ZAPAD\u00c1KOV \/ 010\"  data-width=\"3000\"  data-height=\"1688\" ><\/div><div class=\"rbs-img-data-popup\"  data-popup=\"https:\/\/mayohirc.com\/wp-content\/uploads\/2018\/11\/DIVOKY_ZAPADAKOV_0011-min.jpg\"  title=\"#DIVOK\u00dd ZAPAD\u00c1KOV \/ 010\" ><\/div><div class=\"thumbnail-overlay\"><div class=\"rbsTitle \">#DIVOK\u00dd ZAPAD\u00c1KOV \/ 010<\/div><\/div><\/div><\/div><div class=\"rbs-img  category3420 \" ><div class=\"rbs-img-image   rbs-lightbox \" ><div class=\"rbs-img-thumbs\"  data-thumbnail=\"https:\/\/mayohirc.com\/wp-content\/uploads\/2018\/11\/DIVOKY_ZAPADAKOV_0012-min.jpg\"  title=\"#DIVOK\u00dd ZAPAD\u00c1KOV \/ 011\"  data-width=\"3000\"  data-height=\"1688\" ><\/div><div class=\"rbs-img-data-popup\"  data-popup=\"https:\/\/mayohirc.com\/wp-content\/uploads\/2018\/11\/DIVOKY_ZAPADAKOV_0012-min.jpg\"  title=\"#DIVOK\u00dd ZAPAD\u00c1KOV \/ 011\" ><\/div><div class=\"thumbnail-overlay\"><div class=\"rbsTitle \">#DIVOK\u00dd ZAPAD\u00c1KOV \/ 011<\/div><\/div><\/div><\/div><div class=\"rbs-img  category3420 \" ><div class=\"rbs-img-image   rbs-lightbox \" ><div class=\"rbs-img-thumbs\"  data-thumbnail=\"https:\/\/mayohirc.com\/wp-content\/uploads\/2018\/11\/DIVOKY_ZAPADAKOV_0013-min.jpg\"  title=\"#DIVOK\u00dd ZAPAD\u00c1KOV \/ 012\"  data-width=\"3000\"  data-height=\"1688\" ><\/div><div class=\"rbs-img-data-popup\"  data-popup=\"https:\/\/mayohirc.com\/wp-content\/uploads\/2018\/11\/DIVOKY_ZAPADAKOV_0013-min.jpg\"  title=\"#DIVOK\u00dd ZAPAD\u00c1KOV \/ 012\" ><\/div><div class=\"thumbnail-overlay\"><div class=\"rbsTitle \">#DIVOK\u00dd ZAPAD\u00c1KOV \/ 012<\/div><\/div><\/div><\/div><div class=\"rbs-img  category3420 \" ><div class=\"rbs-img-image   rbs-lightbox \" ><div class=\"rbs-img-thumbs\"  data-thumbnail=\"https:\/\/mayohirc.com\/wp-content\/uploads\/2018\/11\/DIVOKY_ZAPADAKOV_0014-min.jpg\"  title=\"#DIVOK\u00dd ZAPAD\u00c1KOV \/ 013\"  data-width=\"3000\"  data-height=\"1688\" ><\/div><div class=\"rbs-img-data-popup\"  data-popup=\"https:\/\/mayohirc.com\/wp-content\/uploads\/2018\/11\/DIVOKY_ZAPADAKOV_0014-min.jpg\"  title=\"#DIVOK\u00dd ZAPAD\u00c1KOV \/ 013\" ><\/div><div class=\"thumbnail-overlay\"><div class=\"rbsTitle \">#DIVOK\u00dd ZAPAD\u00c1KOV \/ 013<\/div><\/div><\/div><\/div><div class=\"rbs-img  category3420 \" ><div class=\"rbs-img-image   rbs-lightbox \" ><div class=\"rbs-img-thumbs\"  data-thumbnail=\"https:\/\/mayohirc.com\/wp-content\/uploads\/2018\/11\/DIVOKY_ZAPADAKOV_0015-min.jpg\"  title=\"#DIVOK\u00dd ZAPAD\u00c1KOV \/ 014\"  data-width=\"3000\"  data-height=\"1688\" ><\/div><div class=\"rbs-img-data-popup\"  data-popup=\"https:\/\/mayohirc.com\/wp-content\/uploads\/2018\/11\/DIVOKY_ZAPADAKOV_0015-min.jpg\"  title=\"#DIVOK\u00dd ZAPAD\u00c1KOV \/ 014\" ><\/div><div class=\"thumbnail-overlay\"><div class=\"rbsTitle \">#DIVOK\u00dd ZAPAD\u00c1KOV \/ 014<\/div><\/div><\/div><\/div><div class=\"rbs-img  category3420 \" ><div class=\"rbs-img-image   rbs-lightbox \" ><div class=\"rbs-img-thumbs\"  data-thumbnail=\"https:\/\/mayohirc.com\/wp-content\/uploads\/2018\/11\/DIVOKY_ZAPADAKOV_0016-min.jpg\"  title=\"#DIVOK\u00dd ZAPAD\u00c1KOV \/ 015\"  data-width=\"3000\"  data-height=\"1688\" ><\/div><div class=\"rbs-img-data-popup\"  data-popup=\"https:\/\/mayohirc.com\/wp-content\/uploads\/2018\/11\/DIVOKY_ZAPADAKOV_0016-min.jpg\"  title=\"#DIVOK\u00dd ZAPAD\u00c1KOV \/ 015\" ><\/div><div class=\"thumbnail-overlay\"><div class=\"rbsTitle \">#DIVOK\u00dd ZAPAD\u00c1KOV \/ 015<\/div><\/div><\/div><\/div><div class=\"rbs-img  category3420 \" ><div class=\"rbs-img-image   rbs-lightbox \" ><div class=\"rbs-img-thumbs\"  data-thumbnail=\"https:\/\/mayohirc.com\/wp-content\/uploads\/2018\/11\/DIVOKY_ZAPADAKOV_0017-min.jpg\"  title=\"#DIVOK\u00dd ZAPAD\u00c1KOV \/ 016\"  data-width=\"3000\"  data-height=\"1688\" ><\/div><div class=\"rbs-img-data-popup\"  data-popup=\"https:\/\/mayohirc.com\/wp-content\/uploads\/2018\/11\/DIVOKY_ZAPADAKOV_0017-min.jpg\"  title=\"#DIVOK\u00dd ZAPAD\u00c1KOV \/ 016\" ><\/div><div class=\"thumbnail-overlay\"><div class=\"rbsTitle \">#DIVOK\u00dd ZAPAD\u00c1KOV \/ 016<\/div><\/div><\/div><\/div><div class=\"rbs-img  category3420 \" ><div class=\"rbs-img-image   rbs-lightbox \" ><div class=\"rbs-img-thumbs\"  data-thumbnail=\"https:\/\/mayohirc.com\/wp-content\/uploads\/2018\/12\/DIVOKY_ZAPADAKOV_0019-min-min-1.jpg\"  title=\"#DIVOK\u00dd ZAPAD\u00c1KOV \/ 017\"  data-width=\"3000\"  data-height=\"1688\" ><\/div><div class=\"rbs-img-data-popup\"  data-popup=\"https:\/\/mayohirc.com\/wp-content\/uploads\/2018\/12\/DIVOKY_ZAPADAKOV_0019-min-min-1.jpg\"  title=\"#DIVOK\u00dd ZAPAD\u00c1KOV \/ 017\" ><\/div><div class=\"thumbnail-overlay\"><div class=\"rbsTitle \">#DIVOK\u00dd ZAPAD\u00c1KOV \/ 017<\/div><\/div><\/div><\/div><div class=\"rbs-img  category3420 \" ><div class=\"rbs-img-image   rbs-lightbox \" ><div class=\"rbs-img-thumbs\"  data-thumbnail=\"https:\/\/mayohirc.com\/wp-content\/uploads\/2018\/11\/DIVOKY_ZAPADAKOV_0020-min.jpg\"  title=\"#DIVOK\u00dd ZAPAD\u00c1KOV \/ 018\"  data-width=\"3000\"  data-height=\"1688\" ><\/div><div class=\"rbs-img-data-popup\"  data-popup=\"https:\/\/mayohirc.com\/wp-content\/uploads\/2018\/11\/DIVOKY_ZAPADAKOV_0020-min.jpg\"  title=\"#DIVOK\u00dd ZAPAD\u00c1KOV \/ 018\" ><\/div><div class=\"thumbnail-overlay\"><div class=\"rbsTitle \">#DIVOK\u00dd ZAPAD\u00c1KOV \/ 018<\/div><\/div><\/div><\/div><\/div><\/div><\/div><script>var rbs_gallery_69ea4906efe25 = {\"version\":\"3.2.11\",\"id\":3420,\"class\":\"id3420\",\"roboGalleryDelay\":1000,\"mainContainer\":\"#robo_gallery_main_block_rbs_gallery_69ea4906efe25\",\"loadingContainer\":\"#rbs_gallery_69ea4906efe25-block-loader\",\"loadingContainerObj\":\"rbs_gallery_69ea4906efe25-block-loader\",\"columnWidth\":\"auto\",\"columns\":3,\"resolutions\":[{\"columnWidth\":\"auto\",\"columns\":3,\"maxWidth\":960},{\"columnWidth\":\"auto\",\"columns\":2,\"maxWidth\":650},{\"columnWidth\":\"auto\",\"columns\":1,\"maxWidth\":450}],\"lightboxOptions\":{\"gallery\":{\"enabled\":true,\"tCounter\":\"%curr% of %total%\"}},\"facebook\":true,\"twitter\":true,\"pinterest\":true,\"vk\":true,\"overlayEffect\":\"direction-aware-fade\",\"boxesToLoadStart\":50,\"boxesToLoad\":12,\"waitUntilThumbLoads\":1,\"LoadingWord\":\"Loading...\",\"loadMoreWord\":\"Load More\",\"noMoreEntriesWord\":\"No More Entries\",\"horizontalSpaceBetweenBoxes\":2,\"verticalSpaceBetweenBoxes\":2,\"lazyLoad\":1,\"wrapContainer\":\"#robo-gallery-wrap-rbs_gallery_69ea4906efe25\"};<\/script><\/p>","protected":false},"excerpt":{"rendered":"<p>DIVOK\u00dd ZAPAD\u00c1KOV Kom\u00e9dia \/ Western \/ TV Series Slovakia, 2017, 5 x 50 min. MARKIZA.sk CSFD.cz review R\u00e9\u017eia: Zuzana Mariankov\u00e1 Scen\u00e1r: Zuzana Mariankov\u00e1, Luk\u00e1\u0161 Obermajer Kamera: Peter Bencs\u00edk Hudba: Mari\u00e1n \u010curko Obsadenie: Tom\u00e1\u0161 Ma\u0161tal\u00edr, Dominika Kavaschov\u00e1, Adam Jan\u010dina, Roman Pomajbo, [&hellip;]<\/p>\n","protected":false},"author":1,"featured_media":2720,"parent":0,"menu_order":0,"comment_status":"closed","ping_status":"closed","template":"","meta":[],"yst_prominent_words":[],"_links":{"self":[{"href":"https:\/\/mayohirc.com\/sk\/wp-json\/wp\/v2\/pages\/1984"}],"collection":[{"href":"https:\/\/mayohirc.com\/sk\/wp-json\/wp\/v2\/pages"}],"about":[{"href":"https:\/\/mayohirc.com\/sk\/wp-json\/wp\/v2\/types\/page"}],"author":[{"embeddable":true,"href":"https:\/\/mayohirc.com\/sk\/wp-json\/wp\/v2\/users\/1"}],"replies":[{"embeddable":true,"href":"https:\/\/mayohirc.com\/sk\/wp-json\/wp\/v2\/comments?post=1984"}],"version-history":[{"count":18,"href":"https:\/\/mayohirc.com\/sk\/wp-json\/wp\/v2\/pages\/1984\/revisions"}],"predecessor-version":[{"id":3498,"href":"https:\/\/mayohirc.com\/sk\/wp-json\/wp\/v2\/pages\/1984\/revisions\/3498"}],"wp:featuredmedia":[{"embeddable":true,"href":"https:\/\/mayohirc.com\/sk\/wp-json\/wp\/v2\/media\/2720"}],"wp:attachment":[{"href":"https:\/\/mayohirc.com\/sk\/wp-json\/wp\/v2\/media?parent=1984"}],"wp:term":[{"taxonomy":"yst_prominent_words","embeddable":true,"href":"https:\/\/mayohirc.com\/sk\/wp-json\/wp\/v2\/yst_prominent_words?post=1984"}],"curies":[{"name":"wp","href":"https:\/\/api.w.org\/{rel}","templated":true}]}}