{"id":1974,"date":"2018-10-16T21:23:25","date_gmt":"2018-10-16T19:23:25","guid":{"rendered":"http:\/\/mayohirc.com\/?page_id=1974"},"modified":"2019-01-08T09:01:01","modified_gmt":"2019-01-08T08:01:01","slug":"fasiangy","status":"publish","type":"page","link":"https:\/\/mayohirc.com\/sk\/fasiangy\/","title":{"rendered":"#FA\u0160IANGY"},"content":{"rendered":"<p><\/p>\n<div class=\"text_block\">\n<p><!-- Lava cast textu --><\/p>\n<div class=\"left-side\">\n<p><!-- hl nadpis --><\/p>\n<p class=\"big_title\" style=\"text-align: left;\">FA\u0160IANGY<\/p>\n<p style=\"text-align: left;\"><!-- podnadpis --><\/p>\n<p class=\"subtitle\" style=\"text-align: left;\">Dr\u00e1ma<br \/>\nSlovensko \/ \u010cesko, 2019<\/p>\n<p style=\"text-align: left;\"><a href=\"http:\/\/www.arinafilm.sk\/\" target=\"_blank\" rel=\"noopener\">ARINAFILM.sk<\/a><br \/>\n<a href=\"https:\/\/www.csfd.cz\/film\/669958-fasiangy\/komentare\/\" target=\"_blank\" rel=\"noopener\">CSFD.cz review<\/a><\/p>\n<\/div>\n<p><!-- Prava cast textu --><\/p>\n<div class=\"right-side\">\n<p style=\"text-align: left;\"><strong>R\u00e9\u017eia:<\/strong> <a href=\"https:\/\/www.csfd.cz\/tvurce\/3310-ivo-trajkov\/\" target=\"_blank\" rel=\"noopener\">Ivo Trajkov<\/a><br \/>\n<strong>Scen\u00e1r:<\/strong> <a href=\"https:\/\/www.csfd.cz\/tvurce\/3310-ivo-trajkov\/\" target=\"_blank\" rel=\"noopener\">Ivo Trajkov<\/a>, <a href=\"https:\/\/www.csfd.cz\/tvurce\/136913-jana-skorepova\/\" target=\"_blank\" rel=\"noopener\">Ivo Trajkov<\/a><br \/>\n<strong>Kamera:<\/strong> <a href=\"https:\/\/www.csfd.cz\/tvurce\/93395-peter-bencsik\/\" target=\"_blank\" rel=\"noopener\">Peter Bencs\u00edk<\/a><br \/>\n<strong>Obsadenie:<\/strong> <a href=\"https:\/\/www.csfd.cz\/tvurce\/68046-judit-bardos\/\" target=\"_blank\" rel=\"noopener\">Judit B\u00e1rdos<\/a>, <a href=\"https:\/\/www.csfd.cz\/tvurce\/34896-attila-mokos\/\" target=\"_blank\" rel=\"noopener\">Attila Moko\u0161<\/a>, <a href=\"https:\/\/www.csfd.cz\/tvurce\/88056-daniel-fischer\/\" target=\"_blank\" rel=\"noopener\">Daniel Fischer<\/a>, <a href=\"https:\/\/www.csfd.cz\/tvurce\/101143-jana-kvantikova\/\" target=\"_blank\" rel=\"noopener\">Jana Kvantikov\u00e1<\/a>, <a href=\"https:\/\/www.csfd.cz\/tvurce\/50051-jana-geisbergova-olhova\/\" target=\"_blank\" rel=\"noopener\">Jana Gei\u0161bergov\u00e1-O\u013ehov\u00e1<\/a>, a \u010fal\u0161\u00ed<br \/>\n<strong>Produckcia:<\/strong> <a href=\"https:\/\/www.facebook.com\/ArinaFilmProduction\/\" target=\"_blank\" rel=\"noopener\">Arina film production<\/a>, <a href=\"https:\/\/www.csfd.cz\/tvurce\/138088-silvia-panakova\/\" target=\"_blank\" rel=\"noopener\">Silvia Pan\u00e1kov\u00e1<\/a>, <a href=\"https:\/\/www.csfd.cz\/tvurce\/336252-erik-panak\/\" target=\"_blank\" rel=\"noopener\">Erik Pan\u00e1k<\/a><\/p>\n<\/p><\/div>\n<p>  <!-- START toto tu vzdy nechaj --><\/p>\n<div style=\"clear: both; margin: 0px; padding: 0px;\"><\/div>\n<\/div>\n<div style=\"clear: both; margin: 0px; padding: 0px;\"><\/div>\n<style type=\"text\/css\" scoped>.rbs_gallery_69ea4524745a5Spinner{\r\n\t\t\t\tmargin: 50px auto;\r\n\t\t\t\twidth: 50px;\r\n\t\t\t\theight: 40px;\r\n\t\t\t\ttext-align: center;\r\n\t\t\t\tfont-size: 10px;\r\n\t\t\t}\r\n\t\t\t.rbs_gallery_69ea4524745a5Spinner > div{\r\n\t\t\t  background-color: #333;\r\n\t\t\t  height: 100%;\r\n\t\t\t  width: 6px;\r\n\t\t\t  display: inline-block;\r\n\t\t\t  -webkit-animation: rbs_gallery_69ea4524745a5-stretchdelay 1.2s infinite ease-in-out;\r\n\t\t\t  animation: rbs_gallery_69ea4524745a5-stretchdelay 1.2s infinite ease-in-out;\r\n\t\t\t}\r\n\t\t\t.rbs_gallery_69ea4524745a5Spinner .rbs_gallery_69ea4524745a5Rect2 {\r\n\t\t\t  -webkit-animation-delay: -1.1s;\r\n\t\t\t  animation-delay: -1.1s;\r\n\t\t\t}\r\n\t\t\t.rbs_gallery_69ea4524745a5Spinner .rbs_gallery_69ea4524745a5Rect3 {\r\n\t\t\t  -webkit-animation-delay: -1.0s;\r\n\t\t\t  animation-delay: -1.0s;\r\n\t\t\t}\r\n\t\t\t.rbs_gallery_69ea4524745a5Spinner .rbs_gallery_69ea4524745a5Rect4 {\r\n\t\t\t  -webkit-animation-delay: -0.9s;\r\n\t\t\t  animation-delay: -0.9s;\r\n\t\t\t}\r\n\t\t\t.rbs_gallery_69ea4524745a5Spinner .rbs_gallery_69ea4524745a5Rect5 {\r\n\t\t\t  -webkit-animation-delay: -0.8s;\r\n\t\t\t  animation-delay: -0.8s;\r\n\t\t\t}\r\n\t\t\t@-webkit-keyframes rbs_gallery_69ea4524745a5-stretchdelay {\r\n\t\t\t  0%, 40%, 100% { -webkit-transform: scaleY(0.4) }  \r\n\t\t\t  20% { -webkit-transform: scaleY(1.0) }\r\n\t\t\t}\r\n\t\t\t@keyframes rbs_gallery_69ea4524745a5-stretchdelay {\r\n\t\t\t  0%, 40%, 100% { \r\n\t\t\t    transform: scaleY(0.4);\r\n\t\t\t    -webkit-transform: scaleY(0.4);\r\n\t\t\t  }  20% { \r\n\t\t\t    transform: scaleY(1.0);\r\n\t\t\t    -webkit-transform: scaleY(1.0);\r\n\t\t\t  }\r\n\t\t\t}\r\n\t\t<\/style><div class=\"robo-gallery-wrap robo-gallery-wrap-id3398 robo-gallery-\" ><div id=\"rbs_gallery_69ea4524745a5-block-loader\" class=\"rbs_gallery_69ea4524745a5Spinner\"><div class=\"rbs_gallery_69ea4524745a5Rect1\"><\/div> <div class=\"rbs_gallery_69ea4524745a5Rect2\"><\/div> <div class=\"rbs_gallery_69ea4524745a5Rect3\"><\/div> <div class=\"rbs_gallery_69ea4524745a5Rect4\"><\/div> <div class=\"rbs_gallery_69ea4524745a5Rect5\"><\/div><\/div><div id=\"robo_gallery_main_block_rbs_gallery_69ea4524745a5\" class=\"robogallery-gallery-3398\" style=\"width:100%;  display: none;\"><div id=\"rbs_gallery_69ea4524745a5\" data-options=\"rbs_gallery_69ea4524745a5\" style=\"width:100%;\" class=\"robo_gallery  \"><div class=\"rbs-img  category3398 \" ><div class=\"rbs-img-image   rbs-lightbox \" ><div class=\"rbs-img-thumbs\"  data-thumbnail=\"https:\/\/mayohirc.com\/wp-content\/uploads\/2018\/11\/FASIANGY_0001.jpg\"  title=\"#FA\u0160IANGY \/ 001\"  data-width=\"3000\"  data-height=\"1688\" ><\/div><div class=\"rbs-img-data-popup\"  data-popup=\"https:\/\/mayohirc.com\/wp-content\/uploads\/2018\/11\/FASIANGY_0001.jpg\"  title=\"#FA\u0160IANGY \/ 001\" ><\/div><div class=\"thumbnail-overlay\"><div class=\"rbsTitle \">#FA\u0160IANGY \/ 001<\/div><\/div><\/div><\/div><div class=\"rbs-img  category3398 \" ><div class=\"rbs-img-image   rbs-lightbox \" ><div class=\"rbs-img-thumbs\"  data-thumbnail=\"https:\/\/mayohirc.com\/wp-content\/uploads\/2018\/11\/FASIANGY_0002.jpg\"  title=\"#FA\u0160IANGY \/ 002\"  data-width=\"3000\"  data-height=\"1688\" ><\/div><div class=\"rbs-img-data-popup\"  data-popup=\"https:\/\/mayohirc.com\/wp-content\/uploads\/2018\/11\/FASIANGY_0002.jpg\"  title=\"#FA\u0160IANGY \/ 002\" ><\/div><div class=\"thumbnail-overlay\"><div class=\"rbsTitle \">#FA\u0160IANGY \/ 002<\/div><\/div><\/div><\/div><div class=\"rbs-img  category3398 \" ><div class=\"rbs-img-image   rbs-lightbox \" ><div class=\"rbs-img-thumbs\"  data-thumbnail=\"https:\/\/mayohirc.com\/wp-content\/uploads\/2018\/11\/FASIANGY_0003.jpg\"  title=\"#FA\u0160IANGY \/ 003\"  data-width=\"3000\"  data-height=\"1688\" ><\/div><div class=\"rbs-img-data-popup\"  data-popup=\"https:\/\/mayohirc.com\/wp-content\/uploads\/2018\/11\/FASIANGY_0003.jpg\"  title=\"#FA\u0160IANGY \/ 003\" ><\/div><div class=\"thumbnail-overlay\"><div class=\"rbsTitle \">#FA\u0160IANGY \/ 003<\/div><\/div><\/div><\/div><div class=\"rbs-img  category3398 \" ><div class=\"rbs-img-image   rbs-lightbox \" ><div class=\"rbs-img-thumbs\"  data-thumbnail=\"https:\/\/mayohirc.com\/wp-content\/uploads\/2018\/11\/FASIANGY_0004.jpg\"  title=\"#FASIANGY_0004\"  data-width=\"3000\"  data-height=\"1688\" ><\/div><div class=\"rbs-img-data-popup\"  data-popup=\"https:\/\/mayohirc.com\/wp-content\/uploads\/2018\/11\/FASIANGY_0004.jpg\"  title=\"#FASIANGY_0004\" ><\/div><div class=\"thumbnail-overlay\"><div class=\"rbsTitle \">#FASIANGY_0004<\/div><\/div><\/div><\/div><div class=\"rbs-img  category3398 \" ><div class=\"rbs-img-image   rbs-lightbox \" ><div class=\"rbs-img-thumbs\"  data-thumbnail=\"https:\/\/mayohirc.com\/wp-content\/uploads\/2018\/11\/FASIANGY_0005.jpg\"  title=\"#FA\u0160IANGY \/ 005\"  data-width=\"3000\"  data-height=\"1688\" ><\/div><div class=\"rbs-img-data-popup\"  data-popup=\"https:\/\/mayohirc.com\/wp-content\/uploads\/2018\/11\/FASIANGY_0005.jpg\"  title=\"#FA\u0160IANGY \/ 005\" ><\/div><div class=\"thumbnail-overlay\"><div class=\"rbsTitle \">#FA\u0160IANGY \/ 005<\/div><\/div><\/div><\/div><div class=\"rbs-img  category3398 \" ><div class=\"rbs-img-image   rbs-lightbox \" ><div class=\"rbs-img-thumbs\"  data-thumbnail=\"https:\/\/mayohirc.com\/wp-content\/uploads\/2018\/11\/FASIANGY_0006.jpg\"  title=\"#FA\u0160IANGY \/ 006\"  data-width=\"3000\"  data-height=\"1688\" ><\/div><div class=\"rbs-img-data-popup\"  data-popup=\"https:\/\/mayohirc.com\/wp-content\/uploads\/2018\/11\/FASIANGY_0006.jpg\"  title=\"#FA\u0160IANGY \/ 006\" ><\/div><div class=\"thumbnail-overlay\"><div class=\"rbsTitle \">#FA\u0160IANGY \/ 006<\/div><\/div><\/div><\/div><div class=\"rbs-img  category3398 \" ><div class=\"rbs-img-image   rbs-lightbox \" ><div class=\"rbs-img-thumbs\"  data-thumbnail=\"https:\/\/mayohirc.com\/wp-content\/uploads\/2018\/11\/FASIANGY_0007.jpg\"  title=\"#FA\u0160IANGY \/ 007\"  data-width=\"3000\"  data-height=\"1688\" ><\/div><div class=\"rbs-img-data-popup\"  data-popup=\"https:\/\/mayohirc.com\/wp-content\/uploads\/2018\/11\/FASIANGY_0007.jpg\"  title=\"#FA\u0160IANGY \/ 007\" ><\/div><div class=\"thumbnail-overlay\"><div class=\"rbsTitle \">#FA\u0160IANGY \/ 007<\/div><\/div><\/div><\/div><div class=\"rbs-img  category3398 \" ><div class=\"rbs-img-image   rbs-lightbox \" ><div class=\"rbs-img-thumbs\"  data-thumbnail=\"https:\/\/mayohirc.com\/wp-content\/uploads\/2018\/11\/FASIANGY_0008.jpg\"  title=\"#FA\u0160IANGY \/ 008\"  data-width=\"3000\"  data-height=\"1688\" ><\/div><div class=\"rbs-img-data-popup\"  data-popup=\"https:\/\/mayohirc.com\/wp-content\/uploads\/2018\/11\/FASIANGY_0008.jpg\"  title=\"#FA\u0160IANGY \/ 008\" ><\/div><div class=\"thumbnail-overlay\"><div class=\"rbsTitle \">#FA\u0160IANGY \/ 008<\/div><\/div><\/div><\/div><div class=\"rbs-img  category3398 \" ><div class=\"rbs-img-image   rbs-lightbox \" ><div class=\"rbs-img-thumbs\"  data-thumbnail=\"https:\/\/mayohirc.com\/wp-content\/uploads\/2018\/11\/FASIANGY_0009.jpg\"  title=\"#FA\u0160IANGY \/ 009\"  data-width=\"3000\"  data-height=\"1688\" ><\/div><div class=\"rbs-img-data-popup\"  data-popup=\"https:\/\/mayohirc.com\/wp-content\/uploads\/2018\/11\/FASIANGY_0009.jpg\"  title=\"#FA\u0160IANGY \/ 009\" ><\/div><div class=\"thumbnail-overlay\"><div class=\"rbsTitle \">#FA\u0160IANGY \/ 009<\/div><\/div><\/div><\/div><div class=\"rbs-img  category3398 \" ><div class=\"rbs-img-image   rbs-lightbox \" ><div class=\"rbs-img-thumbs\"  data-thumbnail=\"https:\/\/mayohirc.com\/wp-content\/uploads\/2018\/11\/FASIANGY_0010.jpg\"  title=\"#FA\u0160IANGY \/ 010\"  data-width=\"3000\"  data-height=\"1688\" ><\/div><div class=\"rbs-img-data-popup\"  data-popup=\"https:\/\/mayohirc.com\/wp-content\/uploads\/2018\/11\/FASIANGY_0010.jpg\"  title=\"#FA\u0160IANGY \/ 010\" ><\/div><div class=\"thumbnail-overlay\"><div class=\"rbsTitle \">#FA\u0160IANGY \/ 010<\/div><\/div><\/div><\/div><div class=\"rbs-img  category3398 \" ><div class=\"rbs-img-image   rbs-lightbox \" ><div class=\"rbs-img-thumbs\"  data-thumbnail=\"https:\/\/mayohirc.com\/wp-content\/uploads\/2018\/11\/FASIANGY_0011.jpg\"  title=\"#FA\u0160IANGY \/ 011\"  data-width=\"3000\"  data-height=\"1688\" ><\/div><div class=\"rbs-img-data-popup\"  data-popup=\"https:\/\/mayohirc.com\/wp-content\/uploads\/2018\/11\/FASIANGY_0011.jpg\"  title=\"#FA\u0160IANGY \/ 011\" ><\/div><div class=\"thumbnail-overlay\"><div class=\"rbsTitle \">#FA\u0160IANGY \/ 011<\/div><\/div><\/div><\/div><div class=\"rbs-img  category3398 \" ><div class=\"rbs-img-image   rbs-lightbox \" ><div class=\"rbs-img-thumbs\"  data-thumbnail=\"https:\/\/mayohirc.com\/wp-content\/uploads\/2018\/11\/FASIANGY_0012.jpg\"  title=\"#FA\u0160IANGY \/ 012\"  data-width=\"3000\"  data-height=\"1688\" ><\/div><div class=\"rbs-img-data-popup\"  data-popup=\"https:\/\/mayohirc.com\/wp-content\/uploads\/2018\/11\/FASIANGY_0012.jpg\"  title=\"#FA\u0160IANGY \/ 012\" ><\/div><div class=\"thumbnail-overlay\"><div class=\"rbsTitle \">#FA\u0160IANGY \/ 012<\/div><\/div><\/div><\/div><div class=\"rbs-img  category3398 \" ><div class=\"rbs-img-image   rbs-lightbox \" ><div class=\"rbs-img-thumbs\"  data-thumbnail=\"https:\/\/mayohirc.com\/wp-content\/uploads\/2018\/11\/FASIANGY_0013.jpg\"  title=\"#FA\u0160IANGY \/ 013\"  data-width=\"3000\"  data-height=\"1688\" ><\/div><div class=\"rbs-img-data-popup\"  data-popup=\"https:\/\/mayohirc.com\/wp-content\/uploads\/2018\/11\/FASIANGY_0013.jpg\"  title=\"#FA\u0160IANGY \/ 013\" ><\/div><div class=\"thumbnail-overlay\"><div class=\"rbsTitle \">#FA\u0160IANGY \/ 013<\/div><\/div><\/div><\/div><div class=\"rbs-img  category3398 \" ><div class=\"rbs-img-image   rbs-lightbox \" ><div class=\"rbs-img-thumbs\"  data-thumbnail=\"https:\/\/mayohirc.com\/wp-content\/uploads\/2018\/11\/FASIANGY_0014.jpg\"  title=\"#FA\u0160IANGY \/ 014\"  data-width=\"3000\"  data-height=\"1688\" ><\/div><div class=\"rbs-img-data-popup\"  data-popup=\"https:\/\/mayohirc.com\/wp-content\/uploads\/2018\/11\/FASIANGY_0014.jpg\"  title=\"#FA\u0160IANGY \/ 014\" ><\/div><div class=\"thumbnail-overlay\"><div class=\"rbsTitle \">#FA\u0160IANGY \/ 014<\/div><\/div><\/div><\/div><div class=\"rbs-img  category3398 \" ><div class=\"rbs-img-image   rbs-lightbox \" ><div class=\"rbs-img-thumbs\"  data-thumbnail=\"https:\/\/mayohirc.com\/wp-content\/uploads\/2018\/11\/FASIANGY_0015.jpg\"  title=\"#FA\u0160IANGY \/ 015\"  data-width=\"3000\"  data-height=\"1688\" ><\/div><div class=\"rbs-img-data-popup\"  data-popup=\"https:\/\/mayohirc.com\/wp-content\/uploads\/2018\/11\/FASIANGY_0015.jpg\"  title=\"#FA\u0160IANGY \/ 015\" ><\/div><div class=\"thumbnail-overlay\"><div class=\"rbsTitle \">#FA\u0160IANGY \/ 015<\/div><\/div><\/div><\/div><div class=\"rbs-img  category3398 \" ><div class=\"rbs-img-image   rbs-lightbox \" ><div class=\"rbs-img-thumbs\"  data-thumbnail=\"https:\/\/mayohirc.com\/wp-content\/uploads\/2018\/11\/FASIANGY_0016.jpg\"  title=\"#FA\u0160IANGY \/ 016\"  data-width=\"3000\"  data-height=\"1688\" ><\/div><div class=\"rbs-img-data-popup\"  data-popup=\"https:\/\/mayohirc.com\/wp-content\/uploads\/2018\/11\/FASIANGY_0016.jpg\"  title=\"#FA\u0160IANGY \/ 016\" ><\/div><div class=\"thumbnail-overlay\"><div class=\"rbsTitle \">#FA\u0160IANGY \/ 016<\/div><\/div><\/div><\/div><div class=\"rbs-img  category3398 \" ><div class=\"rbs-img-image   rbs-lightbox \" ><div class=\"rbs-img-thumbs\"  data-thumbnail=\"https:\/\/mayohirc.com\/wp-content\/uploads\/2018\/11\/FASIANGY_0017.jpg\"  title=\"#FA\u0160IANGY \/ 017\"  data-width=\"3000\"  data-height=\"1688\" ><\/div><div class=\"rbs-img-data-popup\"  data-popup=\"https:\/\/mayohirc.com\/wp-content\/uploads\/2018\/11\/FASIANGY_0017.jpg\"  title=\"#FA\u0160IANGY \/ 017\" ><\/div><div class=\"thumbnail-overlay\"><div class=\"rbsTitle \">#FA\u0160IANGY \/ 017<\/div><\/div><\/div><\/div><div class=\"rbs-img  category3398 \" ><div class=\"rbs-img-image   rbs-lightbox \" ><div class=\"rbs-img-thumbs\"  data-thumbnail=\"https:\/\/mayohirc.com\/wp-content\/uploads\/2018\/11\/FASIANGY_0018.jpg\"  title=\"#FA\u0160IANGY \/ 018\"  data-width=\"3000\"  data-height=\"1688\" ><\/div><div class=\"rbs-img-data-popup\"  data-popup=\"https:\/\/mayohirc.com\/wp-content\/uploads\/2018\/11\/FASIANGY_0018.jpg\"  title=\"#FA\u0160IANGY \/ 018\" ><\/div><div class=\"thumbnail-overlay\"><div class=\"rbsTitle \">#FA\u0160IANGY \/ 018<\/div><\/div><\/div><\/div><div class=\"rbs-img  category3398 \" ><div class=\"rbs-img-image   rbs-lightbox \" ><div class=\"rbs-img-thumbs\"  data-thumbnail=\"https:\/\/mayohirc.com\/wp-content\/uploads\/2018\/11\/FASIANGY_0019.jpg\"  title=\"#FA\u0160IANGY \/ 019\"  data-width=\"3000\"  data-height=\"1688\" ><\/div><div class=\"rbs-img-data-popup\"  data-popup=\"https:\/\/mayohirc.com\/wp-content\/uploads\/2018\/11\/FASIANGY_0019.jpg\"  title=\"#FA\u0160IANGY \/ 019\" ><\/div><div class=\"thumbnail-overlay\"><div class=\"rbsTitle \">#FA\u0160IANGY \/ 019<\/div><\/div><\/div><\/div><div class=\"rbs-img  category3398 \" ><div class=\"rbs-img-image   rbs-lightbox \" ><div class=\"rbs-img-thumbs\"  data-thumbnail=\"https:\/\/mayohirc.com\/wp-content\/uploads\/2018\/11\/FASIANGY_0020.jpg\"  title=\"#FA\u0160IANGY \/ 020\"  data-width=\"3000\"  data-height=\"1688\" ><\/div><div class=\"rbs-img-data-popup\"  data-popup=\"https:\/\/mayohirc.com\/wp-content\/uploads\/2018\/11\/FASIANGY_0020.jpg\"  title=\"#FA\u0160IANGY \/ 020\" ><\/div><div class=\"thumbnail-overlay\"><div class=\"rbsTitle \">#FA\u0160IANGY \/ 020<\/div><\/div><\/div><\/div><div class=\"rbs-img  category3398 \" ><div class=\"rbs-img-image   rbs-lightbox \" ><div class=\"rbs-img-thumbs\"  data-thumbnail=\"https:\/\/mayohirc.com\/wp-content\/uploads\/2018\/11\/FASIANGY_0021.jpg\"  title=\"#FA\u0160IANGY \/ 021\"  data-width=\"3000\"  data-height=\"1688\" ><\/div><div class=\"rbs-img-data-popup\"  data-popup=\"https:\/\/mayohirc.com\/wp-content\/uploads\/2018\/11\/FASIANGY_0021.jpg\"  title=\"#FA\u0160IANGY \/ 021\" ><\/div><div class=\"thumbnail-overlay\"><div class=\"rbsTitle \">#FA\u0160IANGY \/ 021<\/div><\/div><\/div><\/div><\/div><\/div><\/div><script>var rbs_gallery_69ea4524745a5 = {\"version\":\"3.2.11\",\"id\":3398,\"class\":\"id3398\",\"roboGalleryDelay\":1000,\"mainContainer\":\"#robo_gallery_main_block_rbs_gallery_69ea4524745a5\",\"loadingContainer\":\"#rbs_gallery_69ea4524745a5-block-loader\",\"loadingContainerObj\":\"rbs_gallery_69ea4524745a5-block-loader\",\"columnWidth\":\"auto\",\"columns\":3,\"resolutions\":[{\"columnWidth\":\"auto\",\"columns\":3,\"maxWidth\":960},{\"columnWidth\":\"auto\",\"columns\":2,\"maxWidth\":650},{\"columnWidth\":\"auto\",\"columns\":1,\"maxWidth\":450}],\"lightboxOptions\":{\"gallery\":{\"enabled\":true,\"tCounter\":\"%curr% of %total%\"}},\"facebook\":true,\"twitter\":true,\"pinterest\":true,\"vk\":true,\"overlayEffect\":\"direction-aware-fade\",\"boxesToLoadStart\":50,\"boxesToLoad\":12,\"waitUntilThumbLoads\":1,\"LoadingWord\":\"Loading...\",\"loadMoreWord\":\"Load More\",\"noMoreEntriesWord\":\"No More Entries\",\"horizontalSpaceBetweenBoxes\":2,\"verticalSpaceBetweenBoxes\":2,\"lazyLoad\":1,\"wrapContainer\":\"#robo-gallery-wrap-rbs_gallery_69ea4524745a5\"};<\/script><\/div>\n<p><\/p>","protected":false},"excerpt":{"rendered":"<p>FA\u0160IANGY Dr\u00e1ma Slovensko \/ \u010cesko, 2019 ARINAFILM.sk CSFD.cz review R\u00e9\u017eia: Ivo Trajkov Scen\u00e1r: Ivo Trajkov, Ivo Trajkov Kamera: Peter Bencs\u00edk Obsadenie: Judit B\u00e1rdos, Attila Moko\u0161, Daniel Fischer, Jana Kvantikov\u00e1, Jana Gei\u0161bergov\u00e1-O\u013ehov\u00e1, a \u010fal\u0161\u00ed Produckcia: Arina film production, Silvia Pan\u00e1kov\u00e1, Erik [&hellip;]<\/p>\n","protected":false},"author":1,"featured_media":2724,"parent":0,"menu_order":0,"comment_status":"closed","ping_status":"closed","template":"","meta":[],"yst_prominent_words":[],"_links":{"self":[{"href":"https:\/\/mayohirc.com\/sk\/wp-json\/wp\/v2\/pages\/1974"}],"collection":[{"href":"https:\/\/mayohirc.com\/sk\/wp-json\/wp\/v2\/pages"}],"about":[{"href":"https:\/\/mayohirc.com\/sk\/wp-json\/wp\/v2\/types\/page"}],"author":[{"embeddable":true,"href":"https:\/\/mayohirc.com\/sk\/wp-json\/wp\/v2\/users\/1"}],"replies":[{"embeddable":true,"href":"https:\/\/mayohirc.com\/sk\/wp-json\/wp\/v2\/comments?post=1974"}],"version-history":[{"count":25,"href":"https:\/\/mayohirc.com\/sk\/wp-json\/wp\/v2\/pages\/1974\/revisions"}],"predecessor-version":[{"id":3547,"href":"https:\/\/mayohirc.com\/sk\/wp-json\/wp\/v2\/pages\/1974\/revisions\/3547"}],"wp:featuredmedia":[{"embeddable":true,"href":"https:\/\/mayohirc.com\/sk\/wp-json\/wp\/v2\/media\/2724"}],"wp:attachment":[{"href":"https:\/\/mayohirc.com\/sk\/wp-json\/wp\/v2\/media?parent=1974"}],"wp:term":[{"taxonomy":"yst_prominent_words","embeddable":true,"href":"https:\/\/mayohirc.com\/sk\/wp-json\/wp\/v2\/yst_prominent_words?post=1974"}],"curies":[{"name":"wp","href":"https:\/\/api.w.org\/{rel}","templated":true}]}}